{"id":50,"date":"2023-09-06T15:18:09","date_gmt":"2023-09-06T13:18:09","guid":{"rendered":"https:\/\/philibert-ventriloque.com\/?page_id=50"},"modified":"2025-09-04T11:30:22","modified_gmt":"2025-09-04T09:30:22","slug":"philibert-spectacle-cabaret-music-hall","status":"publish","type":"page","link":"https:\/\/philibert-ventriloque.com\/?page_id=50","title":{"rendered":"Show Cabaret\/Music Hall"},"content":{"rendered":"\n<div class=\"wp-block-columns is-layout-flex wp-container-core-columns-is-layout-9d6595d7 wp-block-columns-is-layout-flex\">\n<div class=\"wp-block-column is-layout-flow wp-block-column-is-layout-flow\">\n<div class=\"wp-block-columns is-layout-flex wp-container-core-columns-is-layout-9d6595d7 wp-block-columns-is-layout-flex\">\n<div class=\"wp-block-column is-layout-flow wp-block-column-is-layout-flow\">\n<p>L&#8217;exp\u00e9rience de Philibert lui permet de proposer une version <strong>Cabaret\/Music-hall<\/strong> de son spectacle pour les adultes et s\u00e9niors.&nbsp;Philibert et Paquita proposent&nbsp;1,2, 3 ou 4 num\u00e9ros (c&#8217;est selon) d&#8217;humour et ventriloquie dont 2 interactifs, avec notamment :&nbsp;<\/p>\n\n\n\n<ul class=\"wp-block-list\">\n<li>&#8220;Oscar, le chien&#8221;. Un improbable num\u00e9ro de voyance avec participation bien involontaire d&#8217;une personne du public qui devient l&#8217;assistante d&#8217;Oscar.<\/li>\n\n\n\n<li>&#8220;Guertrude l&#8217;autruche&#8221;. Castafiore de s\u00e9rie B, Guertrude l&#8217;autruche se prend pour La &#8220;CARMEN&#8221; de Bizet.<\/li>\n\n\n\n<li>&#8220;Les Autochtones&#8221;.&nbsp;Philibert dans&nbsp;une &#8220;mise en rire&#8221; d&#8217;un traditionnel de ventriloquie. S\u00e9lectionn\u00e9s&nbsp;parmi&nbsp;le public, les deux t\u00e9moins de cette exp\u00e9rience scientifique sont transform\u00e9s en marionnettes vivantes pour un duo \u00e9tonnant.<\/li>\n<\/ul>\n\n\n\n<p class=\"has-text-align-center has-normal-font-size\"><strong>Il sait aussi cr\u00e9er du lien avec votre public, l&#8217;accueillir, passer aux tables inventant des impromptus qui d\u00e9clenchent rires et complicit\u00e9s<\/strong><\/p>\n<\/div>\n\n\n\n<div class=\"wp-block-column is-vertically-aligned-center is-layout-flow wp-block-column-is-layout-flow\">\n<figure class=\"wp-block-video\"><video height=\"356\" style=\"aspect-ratio: 640 \/ 356;\" width=\"640\" controls src=\"http:\/\/philibert-ventriloque.com\/wp-content\/uploads\/2023\/09\/Philibert-Ventriloque.mp4\"><\/video><\/figure>\n<\/div>\n<\/div>\n\n\n\n<p class=\"has-text-align-center has-background\" style=\"background-color:#ecc068\">Le public appr\u00e9cie autant leur talent de ventriloque que celui de com\u00e9dien-nes. Et s&#8217;il s&#8217;amuse de les regarder, il n&#8217;est pas en reste de participer. Philibert et Paquita sont v\u00e9ritablement des artistes de sc\u00e8ne et de music-hall.&nbsp;<\/p>\n<\/div>\n<\/div>\n\n\n\n<p class=\"has-background\" style=\"background-color:#ecc068\">Livre d&#8217;Or<\/p>\n\n\n\n<p class=\"has-text-align-center has-background\" style=\"background-color:#ecc068\"><em><strong>\u00a0De l&#8217;humour, de la gaiet\u00e9, de la couleur !!!&#8221; &#8211; &#8220;Ce ventriloque sait nous faire entrer dans son univers et on y resterait bien avec plaisir&#8221; &#8211; &#8220;Une performance !&#8221; &#8211; &#8220;Un moment tr\u00e8s agr\u00e9able pass\u00e9 en compagnie d&#8217;un ventriloque talentueux et des personnages attachants.&#8221; &#8211; &#8220;Un excellent ventriloque. &#8220;<\/strong><\/em> &#8211; <strong><em>&#8220;Je vais vous faire un aveu : J&#8217;aime pas les ventriloques, mais alors vous&#8230; vous&#8230; vous \u00eates g\u00e9nial&#8221;<\/em><\/strong><\/p>\n\n\n\n<div style=\"height:65px\" aria-hidden=\"true\" class=\"wp-block-spacer\"><\/div>\n\n\n\n<p class=\"has-text-align-center\"><strong>Une proposition que nous pouvons compl\u00e9ter avec des &#8220;artistes-amis&#8221;, tels que danseurs, danseuses, chanteurs de revues, chanteuses de revues, visuels pour un spectacle tout public, complet et r\u00e9ussi, en soir\u00e9e ou matin\u00e9e<\/strong><\/p>\n\n\n\n<div style=\"height:65px\" aria-hidden=\"true\" class=\"wp-block-spacer\"><\/div>\n\n\n\n<div class=\"wp-block-columns is-layout-flex wp-container-core-columns-is-layout-9d6595d7 wp-block-columns-is-layout-flex\">\n<div class=\"wp-block-column is-layout-flow wp-block-column-is-layout-flow\"><div class=\"wp-block-image\">\n<figure class=\"alignright size-large is-resized\"><img loading=\"lazy\" decoding=\"async\" width=\"628\" height=\"1024\" src=\"https:\/\/philibert-ventriloque.com\/wp-content\/uploads\/2024\/12\/image0000011-628x1024.jpg\" alt=\"\" class=\"wp-image-431\" style=\"width:455px;height:auto\" srcset=\"https:\/\/philibert-ventriloque.com\/wp-content\/uploads\/2024\/12\/image0000011-628x1024.jpg 628w, https:\/\/philibert-ventriloque.com\/wp-content\/uploads\/2024\/12\/image0000011-184x300.jpg 184w, https:\/\/philibert-ventriloque.com\/wp-content\/uploads\/2024\/12\/image0000011.jpg 692w\" sizes=\"auto, (max-width: 628px) 100vw, 628px\" \/><\/figure>\n<\/div><\/div>\n\n\n\n<div class=\"wp-block-column is-layout-flow wp-block-column-is-layout-flow\">\n<iframe loading=\"lazy\" src=\"https:\/\/www.facebook.com\/plugins\/post.php?href=https%3A%2F%2Fwww.facebook.com%2Fphilibert.ventriloque%2Fposts%2Fpfbid04WVn2konFccim2aUeQDptEBuMZYDX2MMX4nHnEtmT3SAEHHqjKLGhTt28x5RXokyl&#038;show_text=true&#038;width=500\" width=\"500\" height=\"759\" style=\"border:none;overflow:hidden\" scrolling=\"no\" frameborder=\"0\" allowfullscreen=\"true\" allow=\"autoplay; clipboard-write; encrypted-media; picture-in-picture; web-share\"><\/iframe>\n<\/div>\n<\/div>\n\n\n\n<figure class=\"wp-block-embed is-type-video is-provider-vimeo wp-block-embed-vimeo wp-embed-aspect-16-9 wp-has-aspect-ratio\"><div class=\"wp-block-embed__wrapper\">\n<iframe loading=\"lazy\" title=\"Teaser Philibert Cabaret Greuze Folies\" src=\"https:\/\/player.vimeo.com\/video\/861722203?dnt=1&amp;app_id=122963\" width=\"1032\" height=\"581\" frameborder=\"0\" allow=\"autoplay; fullscreen; picture-in-picture; clipboard-write; encrypted-media; web-share\" referrerpolicy=\"strict-origin-when-cross-origin\"><\/iframe>\n<\/div><\/figure>\n\n\n\n<div style=\"height:65px\" aria-hidden=\"true\" class=\"wp-block-spacer\"><\/div>\n\n\n\n<p class=\"has-text-align-center has-background\" style=\"background-color:#ecc068\">Cette version a connu de vifs succ\u00e8s lors de soir\u00e9es cabarets dans toute la France et sur des croisi\u00e8res (Bergen, Oslo, Cap Nord, St Petersbourg, Reikjavik, Stoklhom etc..) mais \u00e9galement aux music-halls: &#8220;le paradis des sources \u00e0 Soultzmatt, &#8220;Le Cap vert&#8221; et &#8220;le Domaine du Lac \u00e0 Dijon&#8221; (Revues &#8220;Odyss\u00e9O&#8221; et &nbsp;&#8220;D\u00e9lic\u00e9O&#8221;), &#8220;Greuze Folies&#8221; etc&#8230;.&nbsp;<\/p>\n\n\n\n<p class=\"has-text-align-center has-large-font-size\"><a href=\"https:\/\/philibert-ventriloque.com\/?page_id=83\" target=\"_blank\" rel=\"noreferrer noopener\"><em>Bref, les r\u00e9f\u00e9rences ne manquent pas<\/em> !<\/a><\/p>\n\n\n\n<div style=\"height:50px\" aria-hidden=\"true\" class=\"wp-block-spacer\"><\/div>\n\n\n<div class=\"wp-block-image\">\n<figure class=\"aligncenter size-large\"><img loading=\"lazy\" decoding=\"async\" width=\"1024\" height=\"732\" src=\"http:\/\/philibert-ventriloque.com\/wp-content\/uploads\/2023\/09\/photo43-1024x732.jpg\" alt=\"\" class=\"wp-image-148\" srcset=\"https:\/\/philibert-ventriloque.com\/wp-content\/uploads\/2023\/09\/photo43-1024x732.jpg 1024w, https:\/\/philibert-ventriloque.com\/wp-content\/uploads\/2023\/09\/photo43-300x214.jpg 300w, https:\/\/philibert-ventriloque.com\/wp-content\/uploads\/2023\/09\/photo43-768x549.jpg 768w, https:\/\/philibert-ventriloque.com\/wp-content\/uploads\/2023\/09\/photo43-1536x1097.jpg 1536w, https:\/\/philibert-ventriloque.com\/wp-content\/uploads\/2023\/09\/photo43-2048x1463.jpg 2048w, https:\/\/philibert-ventriloque.com\/wp-content\/uploads\/2023\/09\/photo43-420x300.jpg 420w\" sizes=\"auto, (max-width: 1024px) 100vw, 1024px\" \/><\/figure>\n<\/div>\n\n\n<div style=\"height:60px\" aria-hidden=\"true\" class=\"wp-block-spacer\"><\/div>\n\n\n\n<p class=\"has-text-align-center has-large-font-size\"><strong><a href=\"http:\/\/philibert-ventriloque.com\/wp-content\/uploads\/2023\/09\/FlyerSpecAdulte3.pdf\" target=\"_blank\" rel=\"noreferrer noopener\">T\u00e9l\u00e9chargement Flyer<\/a><\/strong><\/p>\n\n\n\n<div style=\"height:60px\" aria-hidden=\"true\" class=\"wp-block-spacer\"><\/div>\n\n\n\n<div class=\"wp-block-columns is-layout-flex wp-container-core-columns-is-layout-9d6595d7 wp-block-columns-is-layout-flex\">\n<div class=\"wp-block-column is-layout-flow wp-block-column-is-layout-flow\">\n<figure class=\"wp-block-image size-full\"><img loading=\"lazy\" decoding=\"async\" width=\"1024\" height=\"768\" src=\"http:\/\/philibert-ventriloque.com\/wp-content\/uploads\/2023\/09\/imageCabLyvn-co.jpg\" alt=\"\" class=\"wp-image-150\" srcset=\"https:\/\/philibert-ventriloque.com\/wp-content\/uploads\/2023\/09\/imageCabLyvn-co.jpg 1024w, https:\/\/philibert-ventriloque.com\/wp-content\/uploads\/2023\/09\/imageCabLyvn-co-300x225.jpg 300w, https:\/\/philibert-ventriloque.com\/wp-content\/uploads\/2023\/09\/imageCabLyvn-co-768x576.jpg 768w, https:\/\/philibert-ventriloque.com\/wp-content\/uploads\/2023\/09\/imageCabLyvn-co-400x300.jpg 400w\" sizes=\"auto, (max-width: 1024px) 100vw, 1024px\" \/><\/figure>\n<\/div>\n\n\n\n<div class=\"wp-block-column is-layout-flow wp-block-column-is-layout-flow\"><div class=\"wp-block-image\">\n<figure class=\"aligncenter size-full is-resized\"><img loading=\"lazy\" decoding=\"async\" width=\"720\" height=\"960\" src=\"http:\/\/philibert-ventriloque.com\/wp-content\/uploads\/2023\/09\/Philibert-Greuze-Folie-2019.jpg\" alt=\"\" class=\"wp-image-147\" style=\"width:230px;height:307px\" srcset=\"https:\/\/philibert-ventriloque.com\/wp-content\/uploads\/2023\/09\/Philibert-Greuze-Folie-2019.jpg 720w, https:\/\/philibert-ventriloque.com\/wp-content\/uploads\/2023\/09\/Philibert-Greuze-Folie-2019-225x300.jpg 225w\" sizes=\"auto, (max-width: 720px) 100vw, 720px\" \/><\/figure>\n<\/div><\/div>\n\n\n\n<div class=\"wp-block-column is-layout-flow wp-block-column-is-layout-flow\">\n<figure class=\"wp-block-image size-full\"><img loading=\"lazy\" decoding=\"async\" width=\"640\" height=\"479\" src=\"http:\/\/philibert-ventriloque.com\/wp-content\/uploads\/2023\/09\/Cav-Lyvn-co2.jpg\" alt=\"\" class=\"wp-image-151\" srcset=\"https:\/\/philibert-ventriloque.com\/wp-content\/uploads\/2023\/09\/Cav-Lyvn-co2.jpg 640w, https:\/\/philibert-ventriloque.com\/wp-content\/uploads\/2023\/09\/Cav-Lyvn-co2-300x225.jpg 300w, https:\/\/philibert-ventriloque.com\/wp-content\/uploads\/2023\/09\/Cav-Lyvn-co2-401x300.jpg 401w\" sizes=\"auto, (max-width: 640px) 100vw, 640px\" \/><\/figure>\n<\/div>\n<\/div>\n\n\n\n<div style=\"height:60px\" aria-hidden=\"true\" class=\"wp-block-spacer\"><\/div>\n\n\n\n<div class=\"wp-block-columns is-layout-flex wp-container-core-columns-is-layout-9d6595d7 wp-block-columns-is-layout-flex\">\n<div class=\"wp-block-column is-layout-flow wp-block-column-is-layout-flow\">\n<figure class=\"wp-block-image size-full\"><img loading=\"lazy\" decoding=\"async\" width=\"766\" height=\"548\" src=\"http:\/\/philibert-ventriloque.com\/wp-content\/uploads\/2023\/09\/photo34.jpg\" alt=\"\" class=\"wp-image-66\" srcset=\"https:\/\/philibert-ventriloque.com\/wp-content\/uploads\/2023\/09\/photo34.jpg 766w, https:\/\/philibert-ventriloque.com\/wp-content\/uploads\/2023\/09\/photo34-300x215.jpg 300w, https:\/\/philibert-ventriloque.com\/wp-content\/uploads\/2023\/09\/photo34-419x300.jpg 419w\" sizes=\"auto, (max-width: 766px) 100vw, 766px\" \/><\/figure>\n<\/div>\n\n\n\n<div class=\"wp-block-column is-layout-flow wp-block-column-is-layout-flow\">\n<figure class=\"wp-block-image size-full\"><img loading=\"lazy\" decoding=\"async\" width=\"766\" height=\"548\" src=\"http:\/\/philibert-ventriloque.com\/wp-content\/uploads\/2023\/09\/photo1.jpg\" alt=\"\" class=\"wp-image-67\" srcset=\"https:\/\/philibert-ventriloque.com\/wp-content\/uploads\/2023\/09\/photo1.jpg 766w, https:\/\/philibert-ventriloque.com\/wp-content\/uploads\/2023\/09\/photo1-300x215.jpg 300w, https:\/\/philibert-ventriloque.com\/wp-content\/uploads\/2023\/09\/photo1-419x300.jpg 419w\" sizes=\"auto, (max-width: 766px) 100vw, 766px\" \/><\/figure>\n<\/div>\n<\/div>\n","protected":false},"excerpt":{"rendered":"<p>L&#8217;exp\u00e9rience de Philibert lui permet de proposer une version Cabaret\/Music-hall de son spectacle pour les adultes et s\u00e9niors.&nbsp;Philibert et Paquita proposent&nbsp;1,2, 3 ou 4 num\u00e9ros &hellip;<\/p>\n","protected":false},"author":1,"featured_media":150,"parent":0,"menu_order":0,"comment_status":"closed","ping_status":"closed","template":"","meta":{"footnotes":""},"class_list":["post-50","page","type-page","status-publish","has-post-thumbnail","hentry"],"_links":{"self":[{"href":"https:\/\/philibert-ventriloque.com\/index.php?rest_route=\/wp\/v2\/pages\/50","targetHints":{"allow":["GET"]}}],"collection":[{"href":"https:\/\/philibert-ventriloque.com\/index.php?rest_route=\/wp\/v2\/pages"}],"about":[{"href":"https:\/\/philibert-ventriloque.com\/index.php?rest_route=\/wp\/v2\/types\/page"}],"author":[{"embeddable":true,"href":"https:\/\/philibert-ventriloque.com\/index.php?rest_route=\/wp\/v2\/users\/1"}],"replies":[{"embeddable":true,"href":"https:\/\/philibert-ventriloque.com\/index.php?rest_route=%2Fwp%2Fv2%2Fcomments&post=50"}],"version-history":[{"count":66,"href":"https:\/\/philibert-ventriloque.com\/index.php?rest_route=\/wp\/v2\/pages\/50\/revisions"}],"predecessor-version":[{"id":447,"href":"https:\/\/philibert-ventriloque.com\/index.php?rest_route=\/wp\/v2\/pages\/50\/revisions\/447"}],"wp:featuredmedia":[{"embeddable":true,"href":"https:\/\/philibert-ventriloque.com\/index.php?rest_route=\/wp\/v2\/media\/150"}],"wp:attachment":[{"href":"https:\/\/philibert-ventriloque.com\/index.php?rest_route=%2Fwp%2Fv2%2Fmedia&parent=50"}],"curies":[{"name":"wp","href":"https:\/\/api.w.org\/{rel}","templated":true}]}}