{"id":231,"date":"2023-09-11T18:43:07","date_gmt":"2023-09-11T16:43:07","guid":{"rendered":"https:\/\/philibert-ventriloque.com\/?page_id=231"},"modified":"2024-08-22T10:16:51","modified_gmt":"2024-08-22T08:16:51","slug":"ventriloquie","status":"publish","type":"page","link":"https:\/\/philibert-ventriloque.com\/?page_id=231","title":{"rendered":"La ventriloquie"},"content":{"rendered":"\n<div class=\"wp-block-columns is-layout-flex wp-container-core-columns-is-layout-9d6595d7 wp-block-columns-is-layout-flex\">\n<div class=\"wp-block-column is-layout-flow wp-block-column-is-layout-flow\">\n<p>Ce que l\u2019on conna\u00eet, aujourd\u2019hui, de la ventriloquie s\u2019arr\u00eate souvent \u00e0 la t\u00e9l\u00e9vision ou au cin\u00e9ma. Ce qu\u2019elle en a donn\u00e9 ou en donne \u00e0 voir est r\u00e9ducteur. La ventriloquie serait un \u00ab don \u00bb, un art ou une technique, c\u2019est selon, dont l\u2019histoire remonte bien avant l\u2019an z\u00e9ro de notre \u00e8re. Le religieux en faisait sienne par la bouche de quelques Oracles. Faire parler les morts ou les divinit\u00e9s, en user comme d&#8217;une science occulte, jusqu&#8217;au 17\u00e8me si\u00e8cle le charlatanisme n&#8217;est pas loin de d\u00e9finir ce qu&#8217;est l&#8217;usage de la ventriloquie. Au 18\u00e8me des \u00e9crits s&#8217;opposent dans leurs tentatives d&#8217;explication de la ventriloque. Le 20\u00e8me si\u00e8cle voit l\u2019av\u00e8nement de la ventriloquie comme objet de spectacle et de divertissement. Elle s\u2019installe donc sur les sc\u00e8nes du monde entier \u00e0 la fois riche de son histoire et victime de celle-ci. Certains continueront de la d\u00e9finir comme un don afin de la r\u00e9server \u00e0 des initi\u00e9s, d\u2019autres la pr\u00e9senteront comme une technique ou un art. <\/p>\n\n\n\n<p>C\u2019est dans cette deuxi\u00e8me acception que la ventriloquie pourra se renouveler en s\u2019offrant au public comme une technique de spectacle qui saura s\u2019enrichir de toutes les autres. <\/p>\n\n\n\n<p>C\u2019est dans cette deuxi\u00e8me acception que se situe le travail de Philibert qui donne \u00e0 sa recherche artistique ce qu\u2019il lui faut de fra\u00eecheur.<\/p>\n<\/div>\n\n\n\n<div class=\"wp-block-column is-layout-flow wp-block-column-is-layout-flow\">\n<div style=\"height:100px\" aria-hidden=\"true\" class=\"wp-block-spacer\"><\/div>\n\n\n<div class=\"wp-block-image\">\n<figure class=\"aligncenter size-full is-resized\"><img loading=\"lazy\" decoding=\"async\" width=\"616\" height=\"751\" src=\"http:\/\/philibert-ventriloque.com\/wp-content\/uploads\/2023\/09\/crbst_philibert6ok.gif\" alt=\"\" class=\"wp-image-133\" style=\"width:322px;height:393px\"\/><\/figure>\n<\/div><\/div>\n<\/div>\n\n\n\n<div style=\"height:100px\" aria-hidden=\"true\" class=\"wp-block-spacer\"><\/div>\n\n\n\n<p class=\"has-background has-normal-font-size\" style=\"background-color:#ecc068\"><em><strong>La ventriloquie est due \u00e0 un jeu particulier des muscles du larynx ou du gosier, jeu que tout homme organis\u00e9 \u00e0 l&#8217;ordinaire pourra acquerir gr\u00e2ce \u00e0 un entrainement constant et soutenu, joint \u00e0 une volont\u00e9 opiniatre et bien d\u00e9termin\u00e9e d&#8217;y plier ses organes.&nbsp;<\/strong>(Jean-Baptiste de la Chapelle &#8211; 1772)<\/em><\/p>\n\n\n\n<div style=\"height:100px\" aria-hidden=\"true\" class=\"wp-block-spacer\"><\/div>\n\n\n\n<p>Passionn\u00e9 de transmission, Philibert intervient \u00e9galement pour des&nbsp;<strong>formations ventriloquie<\/strong>&nbsp;\u00e0 destination des&nbsp;artistes professionnels ou pour des<strong>&nbsp;initiations<\/strong>&nbsp;tout public et des&nbsp;<strong>ateliers Parents-Enfants<\/strong>. Philibert propose \u00e9galement une conf\u00e9rence sur la ventriloquie (son histoire, la technique et ses possibilit\u00e9s d\u2019\u00e9volutions).&nbsp;<\/p>\n\n\n\n<p><strong>Pour des infos sur&nbsp;<\/strong>LES FORMATIONS, LES ATELIERS D\u2019INITIATION, LES CONF\u00c9RENCES,&nbsp;<strong>nous contacter au +33(0)680471848 ou&nbsp;<a href=\"mailto:philibert.ventriloque@wanadoo.fr\">philibert.ventriloque@wanadoo.fr<\/a><\/strong><\/p>\n\n\n\n<p><\/p>\n","protected":false},"excerpt":{"rendered":"<p>Ce que l\u2019on conna\u00eet, aujourd\u2019hui, de la ventriloquie s\u2019arr\u00eate souvent \u00e0 la t\u00e9l\u00e9vision ou au cin\u00e9ma. Ce qu\u2019elle en a donn\u00e9 ou en donne \u00e0 &hellip;<\/p>\n","protected":false},"author":1,"featured_media":8,"parent":0,"menu_order":0,"comment_status":"closed","ping_status":"closed","template":"","meta":{"footnotes":""},"class_list":["post-231","page","type-page","status-publish","has-post-thumbnail","hentry"],"_links":{"self":[{"href":"https:\/\/philibert-ventriloque.com\/index.php?rest_route=\/wp\/v2\/pages\/231","targetHints":{"allow":["GET"]}}],"collection":[{"href":"https:\/\/philibert-ventriloque.com\/index.php?rest_route=\/wp\/v2\/pages"}],"about":[{"href":"https:\/\/philibert-ventriloque.com\/index.php?rest_route=\/wp\/v2\/types\/page"}],"author":[{"embeddable":true,"href":"https:\/\/philibert-ventriloque.com\/index.php?rest_route=\/wp\/v2\/users\/1"}],"replies":[{"embeddable":true,"href":"https:\/\/philibert-ventriloque.com\/index.php?rest_route=%2Fwp%2Fv2%2Fcomments&post=231"}],"version-history":[{"count":22,"href":"https:\/\/philibert-ventriloque.com\/index.php?rest_route=\/wp\/v2\/pages\/231\/revisions"}],"predecessor-version":[{"id":400,"href":"https:\/\/philibert-ventriloque.com\/index.php?rest_route=\/wp\/v2\/pages\/231\/revisions\/400"}],"wp:featuredmedia":[{"embeddable":true,"href":"https:\/\/philibert-ventriloque.com\/index.php?rest_route=\/wp\/v2\/media\/8"}],"wp:attachment":[{"href":"https:\/\/philibert-ventriloque.com\/index.php?rest_route=%2Fwp%2Fv2%2Fmedia&parent=231"}],"curies":[{"name":"wp","href":"https:\/\/api.w.org\/{rel}","templated":true}]}}