{"id":2,"date":"2023-09-05T18:17:42","date_gmt":"2023-09-05T16:17:42","guid":{"rendered":"http:\/\/philibert-ventriloque.com\/?page_id=2"},"modified":"2025-09-04T11:31:14","modified_gmt":"2025-09-04T09:31:14","slug":"page-d-exemple","status":"publish","type":"page","link":"https:\/\/philibert-ventriloque.com\/?page_id=2","title":{"rendered":"L&#8217;Explorateur &#8211; Le Spectacle"},"content":{"rendered":"\n<div class=\"wp-block-group\"><div class=\"wp-block-group__inner-container is-layout-constrained wp-block-group-is-layout-constrained\">\n<figure class=\"wp-block-embed is-type-video is-provider-vimeo wp-block-embed-vimeo wp-embed-aspect-16-9 wp-has-aspect-ratio\"><div class=\"wp-block-embed__wrapper\">\n<iframe loading=\"lazy\" title=\"Philibert Explorateur ventriloque\" src=\"https:\/\/player.vimeo.com\/video\/338215501?dnt=1&amp;app_id=122963\" width=\"1032\" height=\"581\" frameborder=\"0\" allow=\"autoplay; fullscreen; picture-in-picture; clipboard-write; encrypted-media; web-share\"><\/iframe>\n<\/div><\/figure>\n<\/div><\/div>\n\n\n\n<blockquote class=\"wp-block-quote is-layout-flow wp-block-quote-is-layout-flow\">\n<div class=\"wp-block-columns is-layout-flex wp-container-core-columns-is-layout-9d6595d7 wp-block-columns-is-layout-flex\">\n<div class=\"wp-block-column is-layout-flow wp-block-column-is-layout-flow\">\n<p class=\"has-normal-font-size\"><strong>\u00ab Philibert Explorateur \u00bb<\/strong> &nbsp;n&#8217;est pas seulement un spectacle de ventriloquie. Il est le r\u00e9sultat d\u2019un travail de marionnettistes et de com\u00e9dien-nes qui allie th\u00e9\u00e2tre et Music-hall. Il faut avant tout se laisser porter par l\u2019\u00e9nergie physique et la puissance vocale qui ressortent de ce personnage chaleureux tout autant que ses marionnettes et qui font de leur spectacle une bouff\u00e9e de fra\u00eecheur.&nbsp;<\/p>\n\n\n\n<div style=\"height:93px\" aria-hidden=\"true\" class=\"wp-block-spacer\"><\/div>\n\n\n\n<p class=\"has-text-align-center has-background\" style=\"background-color:#e1be76\"><strong>Diffuseurs de bonne humeur !<\/strong><\/p>\n\n\n\n<div style=\"height:70px\" aria-hidden=\"true\" class=\"wp-block-spacer\"><\/div>\n\n\n\n<p class=\"has-normal-font-size\">Une dose de rythmes africains pour quelques d\u00e9hanchement, de dr\u00f4les de personnages pour un bien \u00e9trange voyage. Voil\u00e0 l&#8217;\u00e9tonnant safari de Philibert. L&#8217;\u00e9motion et le rire vous accompagnent pour la plus improbable des explorations.&nbsp;<\/p>\n\n\n\n<p class=\"has-normal-font-size\">Un tour du monde avec Oscar le chien, Guertrude l&#8217;Autruche, Anatol le dinosaure et une \u00e9tonnante conf\u00e9rence sur les us et coutumes des autochtones de votre r\u00e9gion.&nbsp;<\/p>\n\n\n\n<p class=\"has-normal-font-size\">En retour vous aurez en t\u00eate de v\u00e9ritables moments de bonheur. &#8220;Safari&#8221; en souah\u00e9li signifie &#8220;voyage&#8221;. Et c&#8217;est bien de cela qu&#8217;il s&#8217;agit.&nbsp;<\/p>\n<\/div>\n\n\n\n<div class=\"wp-block-column is-layout-flow wp-block-column-is-layout-flow\"><div class=\"wp-block-image\">\n<figure class=\"aligncenter size-large is-resized\"><img loading=\"lazy\" decoding=\"async\" width=\"682\" height=\"1024\" src=\"http:\/\/philibert-ventriloque.com\/wp-content\/uploads\/2023\/09\/PhilGuerd-8-682x1024.jpg\" alt=\"\" class=\"wp-image-101\" style=\"width:248px;height:372px\" srcset=\"https:\/\/philibert-ventriloque.com\/wp-content\/uploads\/2023\/09\/PhilGuerd-8-682x1024.jpg 682w, https:\/\/philibert-ventriloque.com\/wp-content\/uploads\/2023\/09\/PhilGuerd-8-200x300.jpg 200w, https:\/\/philibert-ventriloque.com\/wp-content\/uploads\/2023\/09\/PhilGuerd-8-768x1152.jpg 768w, https:\/\/philibert-ventriloque.com\/wp-content\/uploads\/2023\/09\/PhilGuerd-8-1024x1536.jpg 1024w, https:\/\/philibert-ventriloque.com\/wp-content\/uploads\/2023\/09\/PhilGuerd-8.jpg 1181w\" sizes=\"auto, (max-width: 682px) 100vw, 682px\" \/><\/figure>\n<\/div>\n\n\n<div style=\"height:39px\" aria-hidden=\"true\" class=\"wp-block-spacer\"><\/div>\n\n\n<div class=\"wp-block-image\">\n<figure class=\"aligncenter size-full is-resized\"><img loading=\"lazy\" decoding=\"async\" width=\"599\" height=\"738\" src=\"http:\/\/philibert-ventriloque.com\/wp-content\/uploads\/2023\/09\/sans-titre-6-copie.jpg\" alt=\"\" class=\"wp-image-137\" style=\"width:249px;height:305px\" srcset=\"https:\/\/philibert-ventriloque.com\/wp-content\/uploads\/2023\/09\/sans-titre-6-copie.jpg 599w, https:\/\/philibert-ventriloque.com\/wp-content\/uploads\/2023\/09\/sans-titre-6-copie-243x300.jpg 243w\" sizes=\"auto, (max-width: 599px) 100vw, 599px\" \/><\/figure>\n<\/div><\/div>\n<\/div>\n\n\n\n<h2 class=\"wp-block-heading has-text-align-center has-accent-2-color has-text-color has-large-font-size\"><strong>Tout public \u00e0 savourer aussi en famille<\/strong> &#8211; <\/h2>\n\n\n\n<h2 class=\"wp-block-heading has-text-align-center has-accent-2-color has-text-color has-normal-font-size\">Notre spectacle s\u2019adapte \u00e0&nbsp;<strong>tous types de salle<\/strong>&nbsp;ou&nbsp;<strong>en plein air&nbsp;<\/strong>(pr\u00e9voir une solution de repli en cas de mauvais temps)&nbsp;<\/h2>\n\n\n\n<div style=\"height:50px\" aria-hidden=\"true\" class=\"wp-block-spacer\"><\/div>\n\n\n\n<div class=\"wp-block-columns is-layout-flex wp-container-core-columns-is-layout-9d6595d7 wp-block-columns-is-layout-flex\">\n<div class=\"wp-block-column is-layout-flow wp-block-column-is-layout-flow\">\n<p class=\"has-text-align-center has-large-font-size\"><a href=\"http:\/\/philibert-ventriloque.com\/wp-content\/uploads\/2025\/06\/2025-Flyer-Spect-1-1.pdf\" target=\"_blank\" rel=\"noreferrer noopener\">T\u00e9l\u00e9charger Doc<\/a><\/p>\n<\/div>\n\n\n\n<div class=\"wp-block-column is-layout-flow wp-block-column-is-layout-flow\">\n<p class=\"has-text-align-center has-large-font-size\"><a href=\"http:\/\/philibert-ventriloque.com\/wp-content\/uploads\/2023\/09\/Philibert-Explorateur-Dossier-General-2.pdf\" target=\"_blank\" rel=\"noreferrer noopener\">T\u00e9l\u00e9charger Dossier<\/a><\/p>\n<\/div>\n<\/div>\n\n\n\n<div style=\"height:50px\" aria-hidden=\"true\" class=\"wp-block-spacer\"><\/div>\n\n\n\n<div class=\"wp-block-columns is-layout-flex wp-container-core-columns-is-layout-9d6595d7 wp-block-columns-is-layout-flex\">\n<div class=\"wp-block-column is-layout-flow wp-block-column-is-layout-flow\"><div class=\"wp-block-image\">\n<figure class=\"alignright size-large is-resized\"><img loading=\"lazy\" decoding=\"async\" width=\"724\" height=\"1024\" src=\"http:\/\/philibert-ventriloque.com\/wp-content\/uploads\/2024\/01\/philibert_2024_A4-WEB-724x1024.jpg\" alt=\"\" class=\"wp-image-373\" style=\"width:484px;height:auto\" srcset=\"https:\/\/philibert-ventriloque.com\/wp-content\/uploads\/2024\/01\/philibert_2024_A4-WEB-724x1024.jpg 724w, https:\/\/philibert-ventriloque.com\/wp-content\/uploads\/2024\/01\/philibert_2024_A4-WEB-212x300.jpg 212w, https:\/\/philibert-ventriloque.com\/wp-content\/uploads\/2024\/01\/philibert_2024_A4-WEB-768x1086.jpg 768w, https:\/\/philibert-ventriloque.com\/wp-content\/uploads\/2024\/01\/philibert_2024_A4-WEB-1086x1536.jpg 1086w, https:\/\/philibert-ventriloque.com\/wp-content\/uploads\/2024\/01\/philibert_2024_A4-WEB-1448x2048.jpg 1448w, https:\/\/philibert-ventriloque.com\/wp-content\/uploads\/2024\/01\/philibert_2024_A4-WEB-scaled.jpg 1810w\" sizes=\"auto, (max-width: 724px) 100vw, 724px\" \/><\/figure>\n<\/div><\/div>\n\n\n\n<div class=\"wp-block-column is-layout-flow wp-block-column-is-layout-flow\">\n<iframe loading=\"lazy\" src=\"https:\/\/www.facebook.com\/plugins\/post.php?href=https%3A%2F%2Fwww.facebook.com%2Fphilibert.ventriloque%2Fposts%2Fpfbid0TT1Ajrk4adN3UxqmFzdMzNdm4vcHZW6b45SbpF1oRci9Vxxg1mpV84hDnupd4gfWl&#038;show_text=true&#038;width=500\" width=\"500\" height=\"702\" style=\"border:none;overflow:hidden\" scrolling=\"no\" frameborder=\"0\" allowfullscreen=\"true\" allow=\"autoplay; clipboard-write; encrypted-media; picture-in-picture; web-share\"><\/iframe>\n<\/div>\n<\/div>\n\n\n\n<div style=\"height:100px\" aria-hidden=\"true\" class=\"wp-block-spacer\"><\/div>\n\n\n\n<p class=\"has-background has-large-font-size\" style=\"background-color:#ebbf66\">Livre d&#8217;or &#8211; Spectacle Philibert<\/p>\n\n\n\n<p class=\"has-background\" style=\"background-color:#ebbf66\">&#8220;Un fabuleux spectacle qui, au-del\u00e0 d\u2019un plaisir assur\u00e9 pour tous, offre un regard incontestable sur la maitrise parfaite de l\u2019art du th\u00e9\u00e2tre, de l\u2019expression de la marionnette, et du difficile exercice de la ventriloquie, le tout en une \u00e9tonnante symbiose&#8221; &#8211; &#8220;Ce ventriloque sait nous faire entrer dans son univers et on y resterait bien avec plaisir&#8221; &#8211; &#8220;Une performance !&#8221;- &#8220;De l&#8217;humour, de la gaiet\u00e9, de la couleur !!!&#8221; &#8211; &#8220;Et les parents ne s&#8217;ennuient pas ! A conseiller et \u00e0 voir avec ou sans enfants&#8230; Merci.&#8221; &#8211; &#8220;De chouettes musiques, costumes, et surtout un excellent ventriloque. Il chante et poss\u00e8de plusieurs voix&#8221; &#8211; <\/p>\n\n\n\n<p class=\"has-background\" style=\"background-color:#ebbf66\"><strong>LA PRESSE EN PARLE AUSSI<\/strong> : &#8220;Des marionnettes habilement manipul\u00e9es, tr\u00e8s expressives et en parfaite harmonie avec les r\u00e9pliques d\u00e9clenchaient rires et applaudissements dans le public. Philibert a narr\u00e9 ses rencontres avec un talent de com\u00e9dien certain, le ton est juste, la voix est claire, passant de l\u2019aig\u00fce au grave en un instant et quand Philibert chante des ritournelles ou Carmen, on se dit que c\u2019est un v\u00e9ritable artiste. (&#8230;) Il y a aussi Paquita la technicienne de surface, avec ses mimiques, son accent. Ses r\u00e9parties na\u00efves mais aussi pleines de bon sens. Chaque entr\u00e9e intempestive de la douce, charmante et un tantinet audacieuse Paquita \u00e0 l\u2019\u0153il malicieux \u00e9taient ponctu\u00e9es d\u2019\u00e9clats de rires. Un spectacle bien r\u00f4d\u00e9 ex\u00e9cut\u00e9 par un duo tr\u00e8s complice, sans fausse note, sans temps mort.&#8221; &#8211; &#8220;Avec un talent rare, il fait parler plusieurs personnages. (&#8230;) Incroyable ! Et tout cela avec une aisance confondante. (&#8230;) Celle des v\u00e9ritables artistes (C\u00e9cile Chambon &#8211; Le Progr\u00e8s)<\/p>\n<\/blockquote>\n\n\n\n<figure class=\"wp-block-embed is-type-video is-provider-youtube wp-block-embed-youtube wp-embed-aspect-16-9 wp-has-aspect-ratio\"><div class=\"wp-block-embed__wrapper\">\n<iframe loading=\"lazy\" title=\"PHILIBERT EXPLORATEUR - VENTRILOQUE\" width=\"1032\" height=\"581\" src=\"https:\/\/www.youtube.com\/embed\/h1oKCA1RtbE?feature=oembed\" frameborder=\"0\" allow=\"accelerometer; autoplay; clipboard-write; encrypted-media; gyroscope; picture-in-picture; web-share\" referrerpolicy=\"strict-origin-when-cross-origin\" allowfullscreen><\/iframe>\n<\/div><\/figure>\n\n\n\n<div style=\"height:100px\" aria-hidden=\"true\" class=\"wp-block-spacer\"><\/div>\n\n\n\n<div class=\"wp-block-group\"><div class=\"wp-block-group__inner-container is-layout-constrained wp-block-group-is-layout-constrained\">\n<div class=\"wp-block-columns is-layout-flex wp-container-core-columns-is-layout-9d6595d7 wp-block-columns-is-layout-flex\">\n<div class=\"wp-block-column is-layout-flow wp-block-column-is-layout-flow\">\n<figure class=\"wp-block-image size-full\"><img loading=\"lazy\" decoding=\"async\" width=\"766\" height=\"575\" src=\"https:\/\/philibert-ventriloque.com\/wp-content\/uploads\/2023\/09\/img_2584.jpg\" alt=\"\" class=\"wp-image-56\" srcset=\"https:\/\/philibert-ventriloque.com\/wp-content\/uploads\/2023\/09\/img_2584.jpg 766w, https:\/\/philibert-ventriloque.com\/wp-content\/uploads\/2023\/09\/img_2584-300x225.jpg 300w, https:\/\/philibert-ventriloque.com\/wp-content\/uploads\/2023\/09\/img_2584-400x300.jpg 400w\" sizes=\"auto, (max-width: 766px) 100vw, 766px\" \/><\/figure>\n<\/div>\n\n\n\n<div class=\"wp-block-column is-layout-flow wp-block-column-is-layout-flow\">\n<figure class=\"wp-block-image size-full\"><img loading=\"lazy\" decoding=\"async\" width=\"766\" height=\"575\" src=\"https:\/\/philibert-ventriloque.com\/wp-content\/uploads\/2023\/09\/img_0960.jpg\" alt=\"\" class=\"wp-image-57\" srcset=\"https:\/\/philibert-ventriloque.com\/wp-content\/uploads\/2023\/09\/img_0960.jpg 766w, https:\/\/philibert-ventriloque.com\/wp-content\/uploads\/2023\/09\/img_0960-300x225.jpg 300w, https:\/\/philibert-ventriloque.com\/wp-content\/uploads\/2023\/09\/img_0960-400x300.jpg 400w\" sizes=\"auto, (max-width: 766px) 100vw, 766px\" \/><\/figure>\n<\/div>\n<\/div>\n<\/div><\/div>\n\n\n\n<figure class=\"wp-block-gallery aligncenter has-nested-images columns-default is-cropped wp-block-gallery-1 is-layout-flex wp-block-gallery-is-layout-flex\">\n<figure class=\"wp-block-image size-large\"><img loading=\"lazy\" decoding=\"async\" width=\"1024\" height=\"734\" data-id=\"13\" src=\"https:\/\/philibert-ventriloque.com\/wp-content\/uploads\/2023\/09\/CPPhilibertrecto0-1024x734.jpg\" alt=\"\" class=\"wp-image-13\" srcset=\"https:\/\/philibert-ventriloque.com\/wp-content\/uploads\/2023\/09\/CPPhilibertrecto0-1024x734.jpg 1024w, https:\/\/philibert-ventriloque.com\/wp-content\/uploads\/2023\/09\/CPPhilibertrecto0-300x215.jpg 300w, https:\/\/philibert-ventriloque.com\/wp-content\/uploads\/2023\/09\/CPPhilibertrecto0-768x551.jpg 768w, https:\/\/philibert-ventriloque.com\/wp-content\/uploads\/2023\/09\/CPPhilibertrecto0-1536x1101.jpg 1536w, https:\/\/philibert-ventriloque.com\/wp-content\/uploads\/2023\/09\/CPPhilibertrecto0-2048x1468.jpg 2048w, https:\/\/philibert-ventriloque.com\/wp-content\/uploads\/2023\/09\/CPPhilibertrecto0-418x300.jpg 418w\" sizes=\"auto, (max-width: 1024px) 100vw, 1024px\" \/><\/figure>\n<\/figure>\n","protected":false},"excerpt":{"rendered":"","protected":false},"author":1,"featured_media":133,"parent":0,"menu_order":0,"comment_status":"closed","ping_status":"open","template":"","meta":{"footnotes":""},"class_list":["post-2","page","type-page","status-publish","has-post-thumbnail","hentry"],"_links":{"self":[{"href":"https:\/\/philibert-ventriloque.com\/index.php?rest_route=\/wp\/v2\/pages\/2","targetHints":{"allow":["GET"]}}],"collection":[{"href":"https:\/\/philibert-ventriloque.com\/index.php?rest_route=\/wp\/v2\/pages"}],"about":[{"href":"https:\/\/philibert-ventriloque.com\/index.php?rest_route=\/wp\/v2\/types\/page"}],"author":[{"embeddable":true,"href":"https:\/\/philibert-ventriloque.com\/index.php?rest_route=\/wp\/v2\/users\/1"}],"replies":[{"embeddable":true,"href":"https:\/\/philibert-ventriloque.com\/index.php?rest_route=%2Fwp%2Fv2%2Fcomments&post=2"}],"version-history":[{"count":65,"href":"https:\/\/philibert-ventriloque.com\/index.php?rest_route=\/wp\/v2\/pages\/2\/revisions"}],"predecessor-version":[{"id":442,"href":"https:\/\/philibert-ventriloque.com\/index.php?rest_route=\/wp\/v2\/pages\/2\/revisions\/442"}],"wp:featuredmedia":[{"embeddable":true,"href":"https:\/\/philibert-ventriloque.com\/index.php?rest_route=\/wp\/v2\/media\/133"}],"wp:attachment":[{"href":"https:\/\/philibert-ventriloque.com\/index.php?rest_route=%2Fwp%2Fv2%2Fmedia&parent=2"}],"curies":[{"name":"wp","href":"https:\/\/api.w.org\/{rel}","templated":true}]}}